{"id":875,"date":"2026-03-01T16:36:17","date_gmt":"2026-03-01T16:36:17","guid":{"rendered":"https:\/\/ride-ourika.com\/?page_id=875"},"modified":"2026-03-03T23:12:50","modified_gmt":"2026-03-03T23:12:50","slug":"merci-reservation","status":"publish","type":"page","link":"https:\/\/ride-ourika.com\/es\/gracias-por-su-reserva\/","title":{"rendered":"Solicitud de reserva enviada"},"content":{"rendered":"","protected":false},"excerpt":{"rendered":"","protected":false},"author":1,"featured_media":0,"parent":0,"menu_order":0,"comment_status":"closed","ping_status":"closed","template":"","meta":{"_acf_changed":false,"footnotes":""},"class_list":["post-875","page","type-page","status-publish","hentry"],"acf":[],"yoast_head":"<!-- This site is optimized with the Yoast SEO Premium plugin v27.1 (Yoast SEO v27.2) - https:\/\/yoast.com\/product\/yoast-seo-premium-wordpress\/ -->\n<title>Demande de r\u00e9servation envoy\u00e9e - Ride Ourika<\/title>\n<meta name=\"description\" content=\"Demande de r\u00e9servation envoy\u00e9e. L&#039;\u00e9quipe Ride Ourika vous recontactera rapidement.\" \/>\n<meta name=\"robots\" content=\"index, follow, max-snippet:-1, max-image-preview:large, max-video-preview:-1\" \/>\n<link rel=\"canonical\" href=\"https:\/\/ride-ourika.com\/es\/gracias-por-su-reserva\/\" \/>\n<meta property=\"og:locale\" content=\"es_ES\" \/>\n<meta property=\"og:type\" content=\"article\" \/>\n<meta property=\"og:title\" content=\"Demande de r\u00e9servation envoy\u00e9e\" \/>\n<meta property=\"og:description\" content=\"Demande de r\u00e9servation envoy\u00e9e. L&#039;\u00e9quipe Ride Ourika vous recontactera rapidement.\" \/>\n<meta property=\"og:url\" content=\"https:\/\/ride-ourika.com\/es\/gracias-por-su-reserva\/\" \/>\n<meta property=\"og:site_name\" content=\"Ride Ourika\" \/>\n<meta property=\"article:publisher\" content=\"https:\/\/www.facebook.com\/p\/Ride-Ourika-Trot-Off-road-Adventures-61571813672536\/\" \/>\n<meta property=\"article:modified_time\" content=\"2026-03-03T23:12:50+00:00\" \/>\n<meta name=\"twitter:card\" content=\"summary_large_image\" \/>\n<script type=\"application\/ld+json\" class=\"yoast-schema-graph\">{\"@context\":\"https:\/\/schema.org\",\"@graph\":[{\"@type\":\"WebPage\",\"@id\":\"https:\/\/ride-ourika.com\/es\/gracias-por-su-reserva\/\",\"url\":\"https:\/\/ride-ourika.com\/es\/gracias-por-su-reserva\/\",\"name\":\"Demande de r\u00e9servation envoy\u00e9e - Ride Ourika\",\"isPartOf\":{\"@id\":\"https:\/\/ride-ourika.com\/es\/#website\"},\"datePublished\":\"2026-03-01T16:36:17+00:00\",\"dateModified\":\"2026-03-03T23:12:50+00:00\",\"description\":\"Demande de r\u00e9servation envoy\u00e9e. L'\u00e9quipe Ride Ourika vous recontactera rapidement.\",\"breadcrumb\":{\"@id\":\"https:\/\/ride-ourika.com\/es\/gracias-por-su-reserva\/#breadcrumb\"},\"inLanguage\":\"es\",\"potentialAction\":[{\"@type\":\"ReadAction\",\"target\":[\"https:\/\/ride-ourika.com\/es\/gracias-por-su-reserva\/\"]}]},{\"@type\":\"BreadcrumbList\",\"@id\":\"https:\/\/ride-ourika.com\/es\/gracias-por-su-reserva\/#breadcrumb\",\"itemListElement\":[{\"@type\":\"ListItem\",\"position\":1,\"name\":\"Accueil\",\"item\":\"https:\/\/ride-ourika.com\/es\/\"},{\"@type\":\"ListItem\",\"position\":2,\"name\":\"Demande de r\u00e9servation envoy\u00e9e\"}]},{\"@type\":\"WebSite\",\"@id\":\"https:\/\/ride-ourika.com\/es\/#website\",\"url\":\"https:\/\/ride-ourika.com\/es\/\",\"name\":\"Ride Ourika\",\"description\":\"\",\"publisher\":{\"@id\":\"https:\/\/ride-ourika.com\/es\/#organization\"},\"potentialAction\":[{\"@type\":\"SearchAction\",\"target\":{\"@type\":\"EntryPoint\",\"urlTemplate\":\"https:\/\/ride-ourika.com\/es\/?s={search_term_string}\"},\"query-input\":{\"@type\":\"PropertyValueSpecification\",\"valueRequired\":true,\"valueName\":\"search_term_string\"}}],\"inLanguage\":\"es\"},{\"@type\":\"Organization\",\"@id\":\"https:\/\/ride-ourika.com\/es\/#organization\",\"name\":\"Ride Ourika\",\"url\":\"https:\/\/ride-ourika.com\/es\/\",\"logo\":{\"@type\":\"ImageObject\",\"inLanguage\":\"es\",\"@id\":\"https:\/\/ride-ourika.com\/es\/#\/schema\/logo\/image\/\",\"url\":\"https:\/\/ride-ourika.com\/wp-content\/uploads\/2026\/01\/Image-5-from-Figma.svg\",\"contentUrl\":\"https:\/\/ride-ourika.com\/wp-content\/uploads\/2026\/01\/Image-5-from-Figma.svg\",\"width\":1,\"height\":1,\"caption\":\"Ride Ourika\"},\"image\":{\"@id\":\"https:\/\/ride-ourika.com\/es\/#\/schema\/logo\/image\/\"},\"sameAs\":[\"https:\/\/www.facebook.com\/p\/Ride-Ourika-Trot-Off-road-Adventures-61571813672536\/\",\"https:\/\/www.instagram.com\/rideourikatrots\/\",\"https:\/\/www.youtube.com\/@RideOurikaMarrakechOff-road\"]}]}<\/script>\n<!-- \/ Yoast SEO Premium plugin. -->","yoast_head_json":{"title":"Solicitud de reserva enviada - Ride Ourika","description":"Solicitud de reserva enviada. El equipo de Ride Ourika se pondr\u00e1 en contacto con usted en breve.","robots":{"index":"index","follow":"follow","max-snippet":"max-snippet:-1","max-image-preview":"max-image-preview:large","max-video-preview":"max-video-preview:-1"},"canonical":"https:\/\/ride-ourika.com\/es\/gracias-por-su-reserva\/","og_locale":"es_ES","og_type":"article","og_title":"Demande de r\u00e9servation envoy\u00e9e","og_description":"Demande de r\u00e9servation envoy\u00e9e. L'\u00e9quipe Ride Ourika vous recontactera rapidement.","og_url":"https:\/\/ride-ourika.com\/es\/gracias-por-su-reserva\/","og_site_name":"Ride Ourika","article_publisher":"https:\/\/www.facebook.com\/p\/Ride-Ourika-Trot-Off-road-Adventures-61571813672536\/","article_modified_time":"2026-03-03T23:12:50+00:00","twitter_card":"summary_large_image","schema":{"@context":"https:\/\/schema.org","@graph":[{"@type":"WebPage","@id":"https:\/\/ride-ourika.com\/es\/gracias-por-su-reserva\/","url":"https:\/\/ride-ourika.com\/es\/gracias-por-su-reserva\/","name":"Solicitud de reserva enviada - Ride Ourika","isPartOf":{"@id":"https:\/\/ride-ourika.com\/es\/#website"},"datePublished":"2026-03-01T16:36:17+00:00","dateModified":"2026-03-03T23:12:50+00:00","description":"Solicitud de reserva enviada. El equipo de Ride Ourika se pondr\u00e1 en contacto con usted en breve.","breadcrumb":{"@id":"https:\/\/ride-ourika.com\/es\/gracias-por-su-reserva\/#breadcrumb"},"inLanguage":"es","potentialAction":[{"@type":"ReadAction","target":["https:\/\/ride-ourika.com\/es\/gracias-por-su-reserva\/"]}]},{"@type":"BreadcrumbList","@id":"https:\/\/ride-ourika.com\/es\/gracias-por-su-reserva\/#breadcrumb","itemListElement":[{"@type":"ListItem","position":1,"name":"Accueil","item":"https:\/\/ride-ourika.com\/es\/"},{"@type":"ListItem","position":2,"name":"Demande de r\u00e9servation envoy\u00e9e"}]},{"@type":"WebSite","@id":"https:\/\/ride-ourika.com\/es\/#website","url":"https:\/\/ride-ourika.com\/es\/","name":"Ride Ourika","description":"","publisher":{"@id":"https:\/\/ride-ourika.com\/es\/#organization"},"potentialAction":[{"@type":"SearchAction","target":{"@type":"EntryPoint","urlTemplate":"https:\/\/ride-ourika.com\/es\/?s={search_term_string}"},"query-input":{"@type":"PropertyValueSpecification","valueRequired":true,"valueName":"search_term_string"}}],"inLanguage":"es"},{"@type":"Organization","@id":"https:\/\/ride-ourika.com\/es\/#organization","name":"Ride Ourika","url":"https:\/\/ride-ourika.com\/es\/","logo":{"@type":"ImageObject","inLanguage":"es","@id":"https:\/\/ride-ourika.com\/es\/#\/schema\/logo\/image\/","url":"https:\/\/ride-ourika.com\/wp-content\/uploads\/2026\/01\/Image-5-from-Figma.svg","contentUrl":"https:\/\/ride-ourika.com\/wp-content\/uploads\/2026\/01\/Image-5-from-Figma.svg","width":1,"height":1,"caption":"Ride Ourika"},"image":{"@id":"https:\/\/ride-ourika.com\/es\/#\/schema\/logo\/image\/"},"sameAs":["https:\/\/www.facebook.com\/p\/Ride-Ourika-Trot-Off-road-Adventures-61571813672536\/","https:\/\/www.instagram.com\/rideourikatrots\/","https:\/\/www.youtube.com\/@RideOurikaMarrakechOff-road"]}]}},"_links":{"self":[{"href":"https:\/\/ride-ourika.com\/es\/wp-json\/wp\/v2\/pages\/875","targetHints":{"allow":["GET"]}}],"collection":[{"href":"https:\/\/ride-ourika.com\/es\/wp-json\/wp\/v2\/pages"}],"about":[{"href":"https:\/\/ride-ourika.com\/es\/wp-json\/wp\/v2\/types\/page"}],"author":[{"embeddable":true,"href":"https:\/\/ride-ourika.com\/es\/wp-json\/wp\/v2\/users\/1"}],"replies":[{"embeddable":true,"href":"https:\/\/ride-ourika.com\/es\/wp-json\/wp\/v2\/comments?post=875"}],"version-history":[{"count":6,"href":"https:\/\/ride-ourika.com\/es\/wp-json\/wp\/v2\/pages\/875\/revisions"}],"predecessor-version":[{"id":999,"href":"https:\/\/ride-ourika.com\/es\/wp-json\/wp\/v2\/pages\/875\/revisions\/999"}],"wp:attachment":[{"href":"https:\/\/ride-ourika.com\/es\/wp-json\/wp\/v2\/media?parent=875"}],"curies":[{"name":"wp","href":"https:\/\/api.w.org\/{rel}","templated":true}]}}